{"id":1017,"date":"2024-10-03T17:30:08","date_gmt":"2024-10-03T17:30:08","guid":{"rendered":"https:\/\/madeleinebrink.com\/?page_id=1017"},"modified":"2024-12-16T12:07:57","modified_gmt":"2024-12-16T12:07:57","slug":"privacidad","status":"publish","type":"page","link":"https:\/\/madeleinebrink.com\/es\/privacidad\/","title":{"rendered":"Pol\u00edtica de Privacidad"},"content":{"rendered":"\t\t<div data-elementor-type=\"wp-page\" data-elementor-id=\"1017\" class=\"elementor elementor-1017\" data-elementor-post-type=\"page\">\n\t\t\t\t\t\t<section class=\"elementor-section elementor-top-section elementor-element elementor-element-8e9bb41 elementor-section-content-middle elementor-reverse-mobile elementor-section-boxed elementor-section-height-default elementor-section-height-default\" data-id=\"8e9bb41\" data-element_type=\"section\" data-e-type=\"section\">\n\t\t\t\t\t\t<div class=\"elementor-container elementor-column-gap-no\">\n\t\t\t\t\t<div class=\"aux-parallax-section elementor-column elementor-col-100 elementor-top-column elementor-element elementor-element-be929c3\" data-id=\"be929c3\" data-element_type=\"column\" data-e-type=\"column\">\n\t\t\t<div class=\"elementor-widget-wrap elementor-element-populated\">\n\t\t\t\t\t\t<div class=\"elementor-element elementor-element-7c24ab5 aux-appear-watch-animation aux-fade-in-up elementor-widget elementor-widget-aux_modern_heading\" data-id=\"7c24ab5\" data-element_type=\"widget\" data-e-type=\"widget\" data-widget_type=\"aux_modern_heading.default\">\n\t\t\t\t<div class=\"elementor-widget-container\">\n\t\t\t\t\t<section class=\"aux-widget-modern-heading\">\n            <div class=\"aux-widget-inner\"><h2 class=\"aux-modern-heading-primary\">HTTPS:\/\/MADELEINEBRINK.COM<\/h2><h3 class=\"aux-modern-heading-secondary\"><span class=\"aux-head-highlight\">Pol\u00edtica de Privacidad<\/span><\/h3><div class=\"aux-modern-heading-divider\"><\/div><div class=\"aux-modern-heading-description\"><p>Fecha de entrada en vigor: 03-Oct-2024<br \/>\u00daltima actualizaci\u00f3n: 03-Oct-2024<\/p><h3>I. POL\u00cdTICA DE PRIVACIDAD Y PROTECCI\u00d3N DE DATOS<\/h3><p>En cumplimiento de la legislaci\u00f3n vigente, Madeleine Brink (en adelante tambi\u00e9n el Sitio Web) se compromete a adoptar las medidas t\u00e9cnicas y organizativas necesarias, seg\u00fan el nivel de seguridad adecuado al riesgo de los datos recogidos.<\/p><h4>Leyes que incorpora esta pol\u00edtica de privacidad<\/h4><p>Esta pol\u00edtica de privacidad est\u00e1 adaptada a la normativa espa\u00f1ola y europea vigente en materia de protecci\u00f3n de datos personales en internet. En concreto, cumple con las siguientes normas:<\/p><p>Reglamento (UE) 2016\/679 del Parlamento Europeo y del Consejo, de 27 de abril de 2016, relativo a la protecci\u00f3n de las personas f\u00edsicas en lo que respecta al tratamiento de datos personales y a la libre circulaci\u00f3n de estos datos (RGPD).<br \/>Ley Org\u00e1nica 3\/2018, de 5 de diciembre, de Protecci\u00f3n de Datos Personales y Garant\u00eda de los Derechos Digitales (LOPD-GDD).<br \/>Real Decreto 1720\/2007, de 21 de diciembre, por el que se aprueba el Reglamento de desarrollo de la Ley Org\u00e1nica 15\/1999, de 13 de diciembre, de Protecci\u00f3n de Datos de Car\u00e1cter Personal (RDLOPD).<br \/>Ley 34\/2002, de 11 de julio, de Servicios de la Sociedad de la Informaci\u00f3n y de Comercio Electr\u00f3nico (LSSI-CE).<br \/>Identidad del responsable del tratamiento de los datos personales<\/p><p>Correo electr\u00f3nico de contacto: ardillalanguage@gmail.com<\/p><h4>Registro de Datos Personales<\/h4><p>En cumplimiento de lo establecido en el RGPD y la LOPD-GDD, le informamos que los datos personales recabados por Madeleine Brink, mediante los formularios extendidos en sus p\u00e1ginas quedar\u00e1n incorporados y ser\u00e1n tratados en nuestro fichero con el fin de poder facilitar, agilizar y cumplir los compromisos establecidos entre Madeleine Brink y el Usuario o el mantenimiento de la relaci\u00f3n que se establezca en los formularios que este rellene, o para atender una solicitud o consulta del mismo. Asimismo, de conformidad con lo establecido en el RGPD y la LOPD-GDD, salvo que resulte de aplicaci\u00f3n la excepci\u00f3n prevista en el art\u00edculo 30.5 del RGPD, se mantendr\u00e1 un registro de actividades de tratamiento que especifique, seg\u00fan sus finalidades, las actividades de tratamiento llevadas a cabo y las dem\u00e1s circunstancias establecidas en el RGPD.<\/p><h4>Principios aplicables al tratamiento de los datos personales<\/h4><p>El tratamiento de los datos personales del Usuario se someter\u00e1 a los siguientes principios recogidos en el art\u00edculo 5 del RGPD y en el art\u00edculo 4 y siguientes de la Ley Org\u00e1nica 3\/2018, de 5 de diciembre, de Protecci\u00f3n de Datos Personales y garant\u00eda de los derechos digitales:<\/p><p>Principio de licitud, lealtad y transparencia: se requerir\u00e1 el consentimiento del Usuario en todo momento tras haber sido informado completamente de los fines para los que se recogen los datos personales.<br \/>Principio de limitaci\u00f3n de la finalidad: los datos personales ser\u00e1n recogidos con fines determinados, expl\u00edcitos y leg\u00edtimos.<br \/>Principio de minimizaci\u00f3n de datos: solo se recoger\u00e1n los datos personales estrictamente necesarios en relaci\u00f3n con los fines para los que son tratados.<br \/>Principio de exactitud: los datos personales deben ser exactos y estar siempre actualizados.<br \/>Principio de limitaci\u00f3n del plazo de conservaci\u00f3n: los datos personales solo ser\u00e1n mantenidos de forma que se permita la identificaci\u00f3n del Usuario durante el tiempo necesario para los fines de su tratamiento.<br \/>Principio de integridad y confidencialidad: los datos personales ser\u00e1n tratados de manera que se garantice su seguridad y confidencialidad.<br \/>Principio de responsabilidad proactiva: El Responsable del tratamiento ser\u00e1 responsable de garantizar que se cumplan los principios anteriores.<br \/>Categor\u00edas de datos personales<\/p><p>Las categor\u00edas de datos tratados por Madeleine Brink son \u00fanicamente datos identificativos. En ning\u00fan caso se tratan categor\u00edas especiales de datos personales en el sentido del art\u00edculo 9 del RGPD.<\/p><h4>Base jur\u00eddica para el tratamiento de datos personales<\/h4><p>La base jur\u00eddica para el tratamiento de datos personales es el consentimiento. Madeleine Brink se compromete a obtener el consentimiento expreso y verificable del Usuario para el tratamiento de sus datos personales para uno o varios fines espec\u00edficos.<\/p><p>El Usuario tendr\u00e1 derecho a retirar su consentimiento en cualquier momento. Ser\u00e1 tan f\u00e1cil retirar el consentimiento como otorgarlo. Como regla general, la retirada del consentimiento no afectar\u00e1 al uso del Sitio Web.<\/p><p>En las ocasiones en las que el Usuario deba o pueda facilitar sus datos a trav\u00e9s de formularios para realizar consultas, solicitar informaci\u00f3n o por motivos relacionados con el contenido del Sitio Web, se le informar\u00e1 en caso de que la cumplimentaci\u00f3n de alguno de ellos sea obligatoria debido a que los mismos sean imprescindibles para el correcto desarrollo de la operaci\u00f3n realizada.<\/p><h4>Finalidades del tratamiento de los datos personales<\/h4><p>Los datos personales son recabados y gestionados por Madeleine Brink con la finalidad de poder facilitar, agilizar y cumplir los compromisos establecidos entre el Sitio Web y el Usuario o para el mantenimiento de la relaci\u00f3n que se establezca en los formularios que este \u00faltimo rellene o para dar respuesta a una solicitud o consulta.<\/p><p>Asimismo, los datos podr\u00e1n ser utilizados con una finalidad comercial de personalizaci\u00f3n, operativa y estad\u00edstica, y actividades propias del objeto social de Madeleine Brink, as\u00ed como para la extracci\u00f3n, almacenamiento de datos<\/p><\/div><\/div>\n        <\/section>\t\t\t\t<\/div>\n\t\t\t\t<\/div>\n\t\t\t\t\t<\/div>\n\t\t<\/div>\n\t\t\t\t\t<\/div>\n\t\t<\/section>\n\t\t\t\t<\/div>\n\t\t","protected":false},"excerpt":{"rendered":"<p>HTTPS:\/\/MADELEINEBRINK.COM Pol\u00edtica de Privacidad Fecha de entrada en vigor: 03-Oct-2024\u00daltima actualizaci\u00f3n: 03-Oct-2024 I. POL\u00cdTICA DE PRIVACIDAD Y PROTECCI\u00d3N DE DATOS En cumplimiento de la legislaci\u00f3n vigente, Madeleine Brink (en adelante tambi\u00e9n el Sitio Web) se compromete a adoptar las medidas t\u00e9cnicas y organizativas necesarias, seg\u00fan el nivel de seguridad adecuado al riesgo de los datos [&hellip;]<\/p>\n","protected":false},"author":6,"featured_media":0,"parent":0,"menu_order":0,"comment_status":"closed","ping_status":"closed","template":"templates\/page-builder-content.php","meta":{"footnotes":""},"class_list":["post-1017","page","type-page","status-publish","hentry"],"_links":{"self":[{"href":"https:\/\/madeleinebrink.com\/es\/wp-json\/wp\/v2\/pages\/1017","targetHints":{"allow":["GET"]}}],"collection":[{"href":"https:\/\/madeleinebrink.com\/es\/wp-json\/wp\/v2\/pages"}],"about":[{"href":"https:\/\/madeleinebrink.com\/es\/wp-json\/wp\/v2\/types\/page"}],"author":[{"embeddable":true,"href":"https:\/\/madeleinebrink.com\/es\/wp-json\/wp\/v2\/users\/6"}],"replies":[{"embeddable":true,"href":"https:\/\/madeleinebrink.com\/es\/wp-json\/wp\/v2\/comments?post=1017"}],"version-history":[{"count":5,"href":"https:\/\/madeleinebrink.com\/es\/wp-json\/wp\/v2\/pages\/1017\/revisions"}],"predecessor-version":[{"id":2290,"href":"https:\/\/madeleinebrink.com\/es\/wp-json\/wp\/v2\/pages\/1017\/revisions\/2290"}],"wp:attachment":[{"href":"https:\/\/madeleinebrink.com\/es\/wp-json\/wp\/v2\/media?parent=1017"}],"curies":[{"name":"wp","href":"https:\/\/api.w.org\/{rel}","templated":true}]}}